{"id":77,"date":"2024-06-12T10:28:44","date_gmt":"2024-06-12T08:28:44","guid":{"rendered":"https:\/\/demo4.infoconception.com\/?page_id=77"},"modified":"2024-06-12T10:34:40","modified_gmt":"2024-06-12T08:34:40","slug":"mentions-legales","status":"publish","type":"page","link":"https:\/\/demo4.infoconception.com\/?page_id=77","title":{"rendered":"Mentions l\u00e9gales"},"content":{"rendered":"<p>[et_pb_section fb_built=\u00a0\u00bb1&Prime; admin_label=\u00a0\u00bbHero\u00a0\u00bb _builder_version=\u00a0\u00bb4.16&Prime; use_background_color_gradient=\u00a0\u00bbon\u00a0\u00bb background_color_gradient_type=\u00a0\u00bbcircular\u00a0\u00bb background_color_gradient_direction_radial=\u00a0\u00bbtop left\u00a0\u00bb background_color_gradient_stops=\u00a0\u00bbrgba(40,40,40,0.79) 0%|rgba(40,40,40,0.86) 100%\u00a0\u00bb background_color_gradient_overlays_image=\u00a0\u00bbon\u00a0\u00bb background_color_gradient_start=\u00a0\u00bbrgba(40,40,40,0.79)\u00a0\u00bb background_color_gradient_end=\u00a0\u00bbrgba(40,40,40,0.86)\u00a0\u00bb background_image=\u00a0\u00bbhttps:\/\/demo4.infoconception.com\/wp-content\/uploads\/2024\/06\/construction-13.jpg\u00a0\u00bb custom_margin=\u00a0\u00bb||||false\u00a0\u00bb custom_padding=\u00a0\u00bb10vw||10vw||true|false\u00a0\u00bb global_colors_info=\u00a0\u00bb{}\u00a0\u00bb theme_builder_area=\u00a0\u00bbpost_content\u00a0\u00bb][et_pb_row _builder_version=\u00a0\u00bb4.16&Prime; global_colors_info=\u00a0\u00bb{}\u00a0\u00bb column_structure=\u00a0\u00bb2_3,1_3&Prime; theme_builder_area=\u00a0\u00bbpost_content\u00a0\u00bb][et_pb_column type=\u00a0\u00bb2_3&Prime; _builder_version=\u00a0\u00bb4.16&Prime; custom_padding=\u00a0\u00bb|||\u00a0\u00bb global_colors_info=\u00a0\u00bb{}\u00a0\u00bb custom_padding__hover=\u00a0\u00bb|||\u00a0\u00bb theme_builder_area=\u00a0\u00bbpost_content\u00a0\u00bb][et_pb_text _builder_version=\u00a0\u00bb4.18.0&Prime; text_font=\u00a0\u00bb||||||||\u00a0\u00bb header_font=\u00a0\u00bbRubik|700|||||||\u00a0\u00bb header_font_size=\u00a0\u00bb64px\u00a0\u00bb header_line_height=\u00a0\u00bb1.1em\u00a0\u00bb background_layout=\u00a0\u00bbdark\u00a0\u00bb max_width=\u00a0\u00bb800px\u00a0\u00bb custom_margin=\u00a0\u00bb||0px|\u00a0\u00bb custom_padding=\u00a0\u00bb|||16px\u00a0\u00bb hover_enabled=\u00a0\u00bb0&Prime; text_font_size_tablet=\u00a0\u00bb14px\u00a0\u00bb text_font_size_last_edited=\u00a0\u00bboff|desktop\u00a0\u00bb header_font_size_tablet=\u00a0\u00bb44px\u00a0\u00bb header_font_size_phone=\u00a0\u00bb32px\u00a0\u00bb header_font_size_last_edited=\u00a0\u00bbon|phone\u00a0\u00bb border_color_all=\u00a0\u00bb#ffb400&Prime; border_width_left=\u00a0\u00bb10px\u00a0\u00bb global_colors_info=\u00a0\u00bb{}\u00a0\u00bb theme_builder_area=\u00a0\u00bbpost_content\u00a0\u00bb sticky_enabled=\u00a0\u00bb0&Prime;]<\/p>\n<h1>Mentions l\u00e9gales<\/h1>\n<p>[\/et_pb_text][\/et_pb_column][et_pb_column type=\u00a0\u00bb1_3&Prime; _builder_version=\u00a0\u00bb4.16&Prime; custom_padding=\u00a0\u00bb|||\u00a0\u00bb global_colors_info=\u00a0\u00bb{}\u00a0\u00bb custom_padding__hover=\u00a0\u00bb|||\u00a0\u00bb theme_builder_area=\u00a0\u00bbpost_content\u00a0\u00bb][\/et_pb_column][\/et_pb_row][\/et_pb_section][et_pb_section fb_built=\u00a0\u00bb1&Prime; admin_label=\u00a0\u00bbAbout\u00a0\u00bb _builder_version=\u00a0\u00bb4.16&Prime; global_colors_info=\u00a0\u00bb{}\u00a0\u00bb theme_builder_area=\u00a0\u00bbpost_content\u00a0\u00bb][et_pb_row _builder_version=\u00a0\u00bb4.18.0&Prime; hover_enabled=\u00a0\u00bb0&Prime; global_colors_info=\u00a0\u00bb{}\u00a0\u00bb theme_builder_area=\u00a0\u00bbpost_content\u00a0\u00bb sticky_enabled=\u00a0\u00bb0&Prime;][et_pb_column type=\u00a0\u00bb4_4&Prime; _builder_version=\u00a0\u00bb4.16&Prime; custom_padding=\u00a0\u00bb|||\u00a0\u00bb global_colors_info=\u00a0\u00bb{}\u00a0\u00bb custom_padding__hover=\u00a0\u00bb|||\u00a0\u00bb theme_builder_area=\u00a0\u00bbpost_content\u00a0\u00bb][et_pb_text _builder_version=\u00a0\u00bb4.18.0&Prime; _module_preset=\u00a0\u00bbdefault\u00a0\u00bb theme_builder_area=\u00a0\u00bbpost_content\u00a0\u00bb hover_enabled=\u00a0\u00bb0&Prime; sticky_enabled=\u00a0\u00bb0&Prime;]<\/p>\n<h3><strong>\u00c9diteur du site<\/strong><\/h3>\n<p><span>Nom de l\u2019entreprise\/association : [Le nom]<\/span><br \/><span>Adresse : [Votre adresse]<\/span><br \/><span>Num\u00e9ro de t\u00e9l\u00e9phone : [Votre num\u00e9ro de t\u00e9l\u00e9phone]<\/span><br \/><span>Email : [Votre adresse mail]<\/span><br \/><span>Directeur de la publication :\u00a0<\/span><\/p>\n<p>&nbsp;<\/p>\n<h3><strong>H\u00e9bergeur du site<\/strong><\/h3>\n<p><span>Nom de l\u2019h\u00e9bergeur : [Nom de l\u2019h\u00e9bergeur]<\/span><br \/><span>Adresse : [Adresse compl\u00e8te de l\u2019h\u00e9bergeur]<\/span><br \/><span>Num\u00e9ro de t\u00e9l\u00e9phone : [Num\u00e9ro de t\u00e9l\u00e9phone de l\u2019h\u00e9bergeur]<\/span><\/p>\n<p><span><\/span><\/p>\n<h3><strong>Propri\u00e9t\u00e9 intellectuelle<\/strong><\/h3>\n<p><span>Le contenu du site [Votre site] (textes, images, graphismes, logo, ic\u00f4nes, etc.)<\/span><br \/><span>est la propri\u00e9t\u00e9 exclusive de l\u2019entreprise\/association [Nom de l\u2019entreprise], sauf mention contraire.<\/span><br \/><span>Toute reproduction, distribution, modification, adaptation, retransmission ou<\/span><br \/><span>publication, m\u00eame partielle, de ces diff\u00e9rents \u00e9l\u00e9ments est strictement interdite sans<\/span><br \/><span>l\u2019accord expr\u00e8s par \u00e9crit de [Nom de l\u2019entreprise].<\/span><\/p>\n<p><span><\/span><\/p>\n<h3><strong>Protection des donn\u00e9es personnelles<\/strong><\/h3>\n<p><span>En conformit\u00e9 avec la loi Informatique et Libert\u00e9s du 6 janvier 1978 et le R\u00e8glement<\/span><br \/><span>G\u00e9n\u00e9ral sur la Protection des Donn\u00e9es (RGPD), vous disposez d\u2019un droit d\u2019acc\u00e8s, de<\/span><br \/><span>rectification, de modification et de suppression des donn\u00e9es qui vous concernent.<\/span><br \/><span>Vous pouvez exercer ce droit en envoyant un email \u00e0 [Votre adresse mail].<\/span><\/p>\n<p>[\/et_pb_text][\/et_pb_column][\/et_pb_row][\/et_pb_section]<\/p>\n","protected":false},"excerpt":{"rendered":"<p>Mentions l\u00e9gales\u00c9diteur du site Nom de l\u2019entreprise\/association : [Le nom]Adresse : [Votre adresse]Num\u00e9ro de t\u00e9l\u00e9phone : [Votre num\u00e9ro de t\u00e9l\u00e9phone]Email : [Votre adresse mail]Directeur de la publication :\u00a0 &nbsp; H\u00e9bergeur du site Nom de l\u2019h\u00e9bergeur : [Nom de l\u2019h\u00e9bergeur]Adresse : [Adresse compl\u00e8te de l\u2019h\u00e9bergeur]Num\u00e9ro de t\u00e9l\u00e9phone : [Num\u00e9ro de t\u00e9l\u00e9phone de l\u2019h\u00e9bergeur] Propri\u00e9t\u00e9 intellectuelle Le [&hellip;]<\/p>\n","protected":false},"author":1,"featured_media":0,"parent":0,"menu_order":0,"comment_status":"closed","ping_status":"closed","template":"","meta":{"_et_pb_use_builder":"on","_et_pb_old_content":"","_et_gb_content_width":"","footnotes":""},"class_list":["post-77","page","type-page","status-publish","hentry"],"_links":{"self":[{"href":"https:\/\/demo4.infoconception.com\/index.php?rest_route=\/wp\/v2\/pages\/77","targetHints":{"allow":["GET"]}}],"collection":[{"href":"https:\/\/demo4.infoconception.com\/index.php?rest_route=\/wp\/v2\/pages"}],"about":[{"href":"https:\/\/demo4.infoconception.com\/index.php?rest_route=\/wp\/v2\/types\/page"}],"author":[{"embeddable":true,"href":"https:\/\/demo4.infoconception.com\/index.php?rest_route=\/wp\/v2\/users\/1"}],"replies":[{"embeddable":true,"href":"https:\/\/demo4.infoconception.com\/index.php?rest_route=%2Fwp%2Fv2%2Fcomments&post=77"}],"version-history":[{"count":2,"href":"https:\/\/demo4.infoconception.com\/index.php?rest_route=\/wp\/v2\/pages\/77\/revisions"}],"predecessor-version":[{"id":85,"href":"https:\/\/demo4.infoconception.com\/index.php?rest_route=\/wp\/v2\/pages\/77\/revisions\/85"}],"wp:attachment":[{"href":"https:\/\/demo4.infoconception.com\/index.php?rest_route=%2Fwp%2Fv2%2Fmedia&parent=77"}],"curies":[{"name":"wp","href":"https:\/\/api.w.org\/{rel}","templated":true}]}}